{"id":546,"date":"2026-01-30T01:08:42","date_gmt":"2026-01-30T01:08:42","guid":{"rendered":"http:\/\/sadamir007-001-site8.ltempurl.com\/?page_id=546"},"modified":"2026-02-08T22:43:32","modified_gmt":"2026-02-08T22:43:32","slug":"about-us","status":"publish","type":"page","link":"https:\/\/carlicura.shop\/index.php\/about-us\/","title":{"rendered":"About us"},"content":{"rendered":"\t\t<div data-elementor-type=\"wp-page\" data-elementor-id=\"546\" class=\"elementor elementor-546\" data-elementor-post-type=\"page\">\n\t\t\t\t<div class=\"elementor-element elementor-element-7a82999 e-flex e-con-boxed e-con e-parent\" data-id=\"7a82999\" data-element_type=\"container\" data-settings=\"{&quot;background_background&quot;:&quot;classic&quot;}\">\n\t\t\t\t\t<div class=\"e-con-inner\">\n\t\t<div class=\"elementor-element elementor-element-ee1c8b9 e-con-full e-flex e-con e-child\" data-id=\"ee1c8b9\" data-element_type=\"container\">\n\t\t\t\t<div class=\"elementor-element elementor-element-3718548 elementor-widget elementor-widget-heading\" data-id=\"3718548\" data-element_type=\"widget\" data-widget_type=\"heading.default\">\n\t\t\t\t\t<h2 class=\"elementor-heading-title elementor-size-default\">Na\u0161a pri\u010dica<\/h2>\t\t\t\t<\/div>\n\t\t\t\t<div class=\"elementor-element elementor-element-b38426c elementor-widget elementor-widget-text-editor\" data-id=\"b38426c\" data-element_type=\"widget\" data-widget_type=\"text-editor.default\">\n\t\t\t\t\t\t\t\t\t<p>Mali psi. Velike vrijednosti.<\/p>\t\t\t\t\t\t\t\t<\/div>\n\t\t\t\t<div class=\"elementor-element elementor-element-784679f elementor-align-justify elementor-mobile-align-justify elementor-widget elementor-widget-button\" data-id=\"784679f\" data-element_type=\"widget\" data-widget_type=\"button.default\">\n\t\t\t\t\t\t\t\t\t\t<a class=\"elementor-button elementor-button-link elementor-size-sm\" href=\"#\">\n\t\t\t\t\t\t<span class=\"elementor-button-content-wrapper\">\n\t\t\t\t\t\t\t\t\t<span class=\"elementor-button-text\">PRO\u010cITAJ VI\u0160E<\/span>\n\t\t\t\t\t<\/span>\n\t\t\t\t\t<\/a>\n\t\t\t\t\t\t\t\t<\/div>\n\t\t\t\t<\/div>\n\t\t<div class=\"elementor-element elementor-element-04f046c e-con-full e-flex e-con e-child\" data-id=\"04f046c\" data-element_type=\"container\" data-settings=\"{&quot;background_background&quot;:&quot;classic&quot;}\">\n\t\t\t\t<div class=\"elementor-element elementor-element-7d92696 elementor-widget elementor-widget-image\" data-id=\"7d92696\" data-element_type=\"widget\" data-widget_type=\"image.default\">\n\t\t\t\t\t\t\t\t\t\t\t\t\t\t\t<img fetchpriority=\"high\" decoding=\"async\" width=\"800\" height=\"604\" src=\"http:\/\/carlicura.shop\/wp-content\/uploads\/2026\/01\/ChatGPT-Image-Jan-30-2026-02_07_41-AM-e1769736907224-1024x773.png\" class=\"attachment-large size-large wp-image-548\" alt=\"\" srcset=\"http:\/\/carlicura.shop\/wp-content\/uploads\/2026\/01\/ChatGPT-Image-Jan-30-2026-02_07_41-AM-e1769736907224-1024x773.png 1024w, http:\/\/carlicura.shop\/wp-content\/uploads\/2026\/01\/ChatGPT-Image-Jan-30-2026-02_07_41-AM-e1769736907224-300x226.png 300w, http:\/\/carlicura.shop\/wp-content\/uploads\/2026\/01\/ChatGPT-Image-Jan-30-2026-02_07_41-AM-e1769736907224-768x580.png 768w, http:\/\/carlicura.shop\/wp-content\/uploads\/2026\/01\/ChatGPT-Image-Jan-30-2026-02_07_41-AM-e1769736907224-600x453.png 600w, http:\/\/carlicura.shop\/wp-content\/uploads\/2026\/01\/ChatGPT-Image-Jan-30-2026-02_07_41-AM-e1769736907224.png 1357w\" sizes=\"(max-width: 800px) 100vw, 800px\" \/>\t\t\t\t\t\t\t\t\t\t\t\t\t\t\t<\/div>\n\t\t\t\t<\/div>\n\t\t\t\t\t<\/div>\n\t\t\t\t<\/div>\n\t\t<div class=\"elementor-element elementor-element-8a49abe e-flex e-con-boxed e-con e-parent\" data-id=\"8a49abe\" data-element_type=\"container\" data-settings=\"{&quot;background_background&quot;:&quot;classic&quot;,&quot;motion_fx_motion_fx_scrolling&quot;:&quot;yes&quot;,&quot;motion_fx_translateY_effect&quot;:&quot;yes&quot;,&quot;motion_fx_translateY_speed&quot;:{&quot;unit&quot;:&quot;px&quot;,&quot;size&quot;:4,&quot;sizes&quot;:[]},&quot;motion_fx_translateY_affectedRange&quot;:{&quot;unit&quot;:&quot;%&quot;,&quot;size&quot;:&quot;&quot;,&quot;sizes&quot;:{&quot;start&quot;:0,&quot;end&quot;:100}},&quot;motion_fx_devices&quot;:[&quot;desktop&quot;,&quot;tablet&quot;,&quot;mobile&quot;]}\">\n\t\t\t\t\t<div class=\"e-con-inner\">\n\t\t<div class=\"elementor-element elementor-element-a776f48 e-con-full e-flex e-con e-child\" data-id=\"a776f48\" data-element_type=\"container\">\n\t\t\t\t<div class=\"elementor-element elementor-element-0b06d8b elementor-widget elementor-widget-heading\" data-id=\"0b06d8b\" data-element_type=\"widget\" data-widget_type=\"heading.default\">\n\t\t\t\t\t<h2 class=\"elementor-heading-title elementor-size-default\">Nastanak brenda<\/h2>\t\t\t\t<\/div>\n\t\t\t\t<div class=\"elementor-element elementor-element-d1d019a elementor-widget elementor-widget-text-editor\" data-id=\"d1d019a\" data-element_type=\"widget\" data-widget_type=\"text-editor.default\">\n\t\t\t\t\t\t\t\t\t<p data-start=\"176\" data-end=\"392\">Iz ljubavi prema napu\u0161tenim \u017eivotinjama i inspirisan dobrotom \u010carlija i Cure, odlu\u010dio sam pokrenuti ovaj brend kako bih spojio dvije va\u017ene stvari: pomaganje lutalicama i edukaciju djece kroz tople, jednostavne pri\u010de.<\/p>\t\t\t\t\t\t\t\t<\/div>\n\t\t\t\t<\/div>\n\t\t<div class=\"elementor-element elementor-element-1d8d221 e-con-full elementor-hidden-mobile e-flex e-con e-child\" data-id=\"1d8d221\" data-element_type=\"container\">\n\t\t\t\t<\/div>\n\t\t\t\t\t<\/div>\n\t\t\t\t<\/div>\n\t\t<div class=\"elementor-element elementor-element-3d451a8 e-flex e-con-boxed e-con e-parent\" data-id=\"3d451a8\" data-element_type=\"container\" data-settings=\"{&quot;background_background&quot;:&quot;classic&quot;}\">\n\t\t\t\t\t<div class=\"e-con-inner\">\n\t\t<div class=\"elementor-element elementor-element-80873ff e-con-full e-flex e-con e-child\" data-id=\"80873ff\" data-element_type=\"container\">\n\t\t\t\t<div class=\"elementor-element elementor-element-0376a91 elementor-widget elementor-widget-heading\" data-id=\"0376a91\" data-element_type=\"widget\" data-widget_type=\"heading.default\">\n\t\t\t\t\t<h2 class=\"elementor-heading-title elementor-size-default\">\u010carli i Cura<\/h2>\t\t\t\t<\/div>\n\t\t\t\t<\/div>\n\t\t<div class=\"elementor-element elementor-element-d0f7535 e-con-full e-flex e-con e-child\" data-id=\"d0f7535\" data-element_type=\"container\">\n\t\t<div class=\"elementor-element elementor-element-16f5160 e-con-full e-flex e-con e-child\" data-id=\"16f5160\" data-element_type=\"container\">\n\t\t\t\t<div class=\"elementor-element elementor-element-e0c2611 elementor-widget elementor-widget-text-editor\" data-id=\"e0c2611\" data-element_type=\"widget\" data-widget_type=\"text-editor.default\">\n\t\t\t\t\t\t\t\t\t<p data-start=\"394\" data-end=\"788\">\u010carli i Cura su dva psa sa ulice, ali i dva razli\u010dita karaktera. \u010carli je znati\u017eeljan, impulsivan i \u010desto upada u nezgode jer prvo djeluje, a tek onda razmi\u0161lja. Cura je smirena, pa\u017eljiva i uvijek tu da objasni, pomogne i poka\u017ee bolji put.&nbsp;<\/p><p data-start=\"394\" data-end=\"788\">Kroz njihove avanture, djeca u\u010de o svakodnevnim \u017eivotnim situacijama, emocijama, odgovornosti i, najva\u017enije, o pravilnom i sigurnom pona\u0161anju prema psima.<\/p>\t\t\t\t\t\t\t\t<\/div>\n\t\t\t\t<\/div>\n\t\t<div class=\"elementor-element elementor-element-06eef81 e-con-full e-flex e-con e-child\" data-id=\"06eef81\" data-element_type=\"container\">\n\t\t\t\t<div class=\"elementor-element elementor-element-436f8fb elementor-widget elementor-widget-text-editor\" data-id=\"436f8fb\" data-element_type=\"widget\" data-widget_type=\"text-editor.default\">\n\t\t\t\t\t\t\t\t\t<p data-start=\"394\" data-end=\"788\">Cilj ovog brenda je da kroz bojanke i slikovnice djeci pribli\u017eimo prave vrijednosti: empatiju, pa\u017enju, razumijevanje i po\u0161tovanje prema svim \u017eivim bi\u0107ima.&nbsp;<\/p><p data-start=\"394\" data-end=\"788\">Veliki dio zarade od prodanih proizvoda namijenjen je direktno za pomo\u0107 napu\u0161tenim \u017eivotinjama, kako bi njihove porcije hrane bile ve\u0107e, a njihovi dani sigurniji i sretniji.<\/p>\t\t\t\t\t\t\t\t<\/div>\n\t\t\t\t<\/div>\n\t\t\t\t<\/div>\n\t\t\t\t\t<\/div>\n\t\t\t\t<\/div>\n\t\t\t\t<\/div>\n\t\t\n    <div class=\"xs_social_share_widget xs_share_url after_content \t\tmain_content  wslu-style-1 wslu-share-box-shaped wslu-fill-colored wslu-none wslu-share-horizontal wslu-theme-font-no wslu-main_content\">\n\n\t\t\n        <ul>\n\t\t\t        <\/ul>\n    <\/div> \n","protected":false},"excerpt":{"rendered":"<p>Na\u0161a pri\u010dica Mali psi. Velike vrijednosti. PRO\u010cITAJ VI\u0160E Nastanak brenda Iz ljubavi prema napu\u0161tenim \u017eivotinjama i inspirisan dobrotom \u010carlija i Cure, odlu\u010dio sam pokrenuti ovaj brend kako bih spojio dvije va\u017ene stvari: pomaganje lutalicama i edukaciju djece kroz tople, jednostavne pri\u010de. \u010carli i Cura \u010carli i Cura su dva psa sa ulice, ali i dva [&hellip;]<\/p>\n","protected":false},"author":1,"featured_media":0,"parent":0,"menu_order":0,"comment_status":"closed","ping_status":"closed","template":"elementor_header_footer","meta":{"footnotes":""},"class_list":["post-546","page","type-page","status-publish","hentry"],"_links":{"self":[{"href":"https:\/\/carlicura.shop\/index.php\/wp-json\/wp\/v2\/pages\/546","targetHints":{"allow":["GET"]}}],"collection":[{"href":"https:\/\/carlicura.shop\/index.php\/wp-json\/wp\/v2\/pages"}],"about":[{"href":"https:\/\/carlicura.shop\/index.php\/wp-json\/wp\/v2\/types\/page"}],"author":[{"embeddable":true,"href":"https:\/\/carlicura.shop\/index.php\/wp-json\/wp\/v2\/users\/1"}],"replies":[{"embeddable":true,"href":"https:\/\/carlicura.shop\/index.php\/wp-json\/wp\/v2\/comments?post=546"}],"version-history":[{"count":80,"href":"https:\/\/carlicura.shop\/index.php\/wp-json\/wp\/v2\/pages\/546\/revisions"}],"predecessor-version":[{"id":696,"href":"https:\/\/carlicura.shop\/index.php\/wp-json\/wp\/v2\/pages\/546\/revisions\/696"}],"wp:attachment":[{"href":"https:\/\/carlicura.shop\/index.php\/wp-json\/wp\/v2\/media?parent=546"}],"curies":[{"name":"wp","href":"https:\/\/api.w.org\/{rel}","templated":true}]}}